{"id":87,"date":"2018-02-13T01:13:15","date_gmt":"2018-02-13T00:13:15","guid":{"rendered":"\/wp\/?page_id=87"},"modified":"2018-02-13T01:13:15","modified_gmt":"2018-02-13T00:13:15","slug":"projekte","status":"publish","type":"page","link":"https:\/\/www.prokongoyalobi.de\/wp\/de\/projekte\/","title":{"rendered":"Projekte"},"content":{"rendered":"<div class=\"dotcadre\">Unsere Projekte und was sie brauchen:<\/div>\n<p>Groupe scolaire de Mont-Ngafula (G.SCO.M.)<\/p>\n<ul>\n<li>Materielle Unterst\u00fctzung in Form von Schulmaterialien aller Art: Aufbau eines Biologie-, Chemie &#8211; und Physiklabors, Vervielf\u00e4ltigungsger\u00e4te, Computer, Sportger\u00e4te, Generator &#8230;<\/li>\n<li>Finanzielle Unterst\u00fctzung einzelner Sch\u00fcler, deren Eltern das Schulgeld von 100 &#8211; 150 Dollar pro Jahr nicht aufbringen k\u00f6nnen.<\/li>\n<\/ul>\n<\/li>\n<li>Krankenstation in Mont-Ngafula und Krankenhaus in Ngeba\n<ul>\n<li>Ger\u00e4tschaften (m\u00f6glichst unabh\u00e4ngig von Stromversorgung)<\/li>\n<li>Medikamente zur medizinischen Grundversorgung: Schmerzmittel, Antibiotika, Verbandsmaterial, &#8230;<\/li>\n<\/ul>\n<\/li>\n<\/ol>\n<p>Zudem ben\u00f6tigen wir Geldspenden zur Finanzierung der Transporte.<\/p>\n<p>Spendenquittungen werden ausgestellt \u00fcber unseren Verein \u201ePro Kongo ya lobi e.V.\u201c<br \/>\u00dcberweisungen an:<br \/>\u201ePro Kongo ya lobi\u201c Kontonummer: 1070483340, BLZ 39050000 Sparkasse Aachen<br \/>mit Vermerk: \u201eSpende\u201c + Ihren Namen<\/p><\/p>\n","protected":false},"excerpt":{"rendered":"<p>Unsere Projekte und was sie brauchen: Groupe scolaire de Mont-Ngafula (G.SCO.M.) Materielle Unterst\u00fctzung in Form von Schulmaterialien aller Art: Aufbau eines Biologie-, Chemie &#8211; und Physiklabors, Vervielf\u00e4ltigungsger\u00e4te, Computer, Sportger\u00e4te, Generator &#8230; Finanzielle Unterst\u00fctzung einzelner Sch\u00fcler, deren Eltern das Schulgeld von 100 &#8211; 150 Dollar pro Jahr nicht aufbringen k\u00f6nnen. Krankenstation\u2026 <a class=\"continue-reading-link\" href=\"https:\/\/www.prokongoyalobi.de\/wp\/de\/projekte\/\">Weiter \u2013 Continuez<\/a><\/p>\n","protected":false},"author":1,"featured_media":0,"parent":0,"menu_order":1,"comment_status":"closed","ping_status":"closed","template":"","meta":{"footnotes":""},"class_list":["post-87","page","type-page","status-publish","hentry"],"_links":{"self":[{"href":"https:\/\/www.prokongoyalobi.de\/wp\/wp-json\/wp\/v2\/pages\/87","targetHints":{"allow":["GET"]}}],"collection":[{"href":"https:\/\/www.prokongoyalobi.de\/wp\/wp-json\/wp\/v2\/pages"}],"about":[{"href":"https:\/\/www.prokongoyalobi.de\/wp\/wp-json\/wp\/v2\/types\/page"}],"author":[{"embeddable":true,"href":"https:\/\/www.prokongoyalobi.de\/wp\/wp-json\/wp\/v2\/users\/1"}],"replies":[{"embeddable":true,"href":"https:\/\/www.prokongoyalobi.de\/wp\/wp-json\/wp\/v2\/comments?post=87"}],"version-history":[{"count":1,"href":"https:\/\/www.prokongoyalobi.de\/wp\/wp-json\/wp\/v2\/pages\/87\/revisions"}],"predecessor-version":[{"id":88,"href":"https:\/\/www.prokongoyalobi.de\/wp\/wp-json\/wp\/v2\/pages\/87\/revisions\/88"}],"wp:attachment":[{"href":"https:\/\/www.prokongoyalobi.de\/wp\/wp-json\/wp\/v2\/media?parent=87"}],"curies":[{"name":"wp","href":"https:\/\/api.w.org\/{rel}","templated":true}]}}