{"id":216,"date":"2018-02-16T16:47:16","date_gmt":"2018-02-16T15:47:16","guid":{"rendered":"\/wp\/?page_id=216"},"modified":"2018-02-16T16:47:16","modified_gmt":"2018-02-16T15:47:16","slug":"la-r-d-congo-recoit-de-laide-financiere-pour-la-culture-de-manioc","status":"publish","type":"page","link":"https:\/\/www.prokongoyalobi.de\/wp\/fr\/info-generale\/maniok\/la-r-d-congo-recoit-de-laide-financiere-pour-la-culture-de-manioc\/","title":{"rendered":"La R.D. Congo re\u00e7oit de l\u2019aide financi\u00e8re pour la culture de manioc"},"content":{"rendered":"<div class=\"dotcadre\">Sur ce site, nous avons rapport\u00e9 plusieurs fois sur l\u2019importance pour l\u2019alimentation populaire et sur l\u2019utilisation multiple du manioc (Cassava, voir ci-dessous). Maintenant, la Banque africaine de d\u00e9veloppement encouragera son culture.<\/div>\n<\/p>\n<p><a href=\"javascript:history.back()\"><img decoding=\"async\" src=\"\/wp\/wp-content\/uploads\/2018\/02\/bouton_backF.gif\" alt=\"Zur\u00fcck - Retour\"><\/a><\/p>\n<div style=\"border:1px solid;float:right;margin-left:10px;\"><img loading=\"lazy\" decoding=\"async\" src=\"\/wp\/wp-content\/uploads\/2018\/02\/Maniokpreis01.jpg\" alt=\"Pr\u00e9paration de manioc\" width=\"240\" height=\"320\"><br \/><i>Pr\u00e9paration de manioc<\/i><\/div>\n<p>En R\u00e9publique D\u00e9mocratique du Congo, le manioc est l\u2019aliment de base. Il y est cultiv\u00e9 sur plus que la moiti\u00e9 de la surface  cultivable. Il est facile \u00e0 cultiver et les plantes n\u2019ont pas besoin de conditions de sol particuli\u00e8res.<br \/>N\u00e9anmoins, la production a baiss\u00e9 constamment au cours des derni\u00e8res ann\u00e9es. Avec le projet de soutien de la Banque africaine de d\u00e9veloppement dans lequel de nouveaux plants et un meilleur proc\u00e9d\u00e9 de culture sont dans le centre, on esp\u00e8re une augmentation de la production d\u2019environ 20 % et par cons\u00e9quent un meilleur approvisionnement de la population.<br \/>Cette augmentation baisserait le prix sur le march\u00e9 local et apporterait \u00e9ventuellement des revenus pour l\u2019\u00c9tat gr\u00e2ce aux exportations.<br \/>En RDC, la tonne de manioc co\u00fbte en f\u00e9vrier 2013 environ 110 dollars am\u00e9ricains, mais environ 20 dollars en Afrique du Sud.<br \/>La mont\u00e9e de la production signifierait aussi une r\u00e9duction de 20 \u00e0 10% des importations de bl\u00e9 si l\u2019on r\u00e9ussit \u00e0 cr\u00e9er des boulangeries pour la production de pain de manioc comme il est pr\u00e9vu dans le projet.<\/p>\n<div style=\"border:1px solid;float:left;margin-right:10px;\"><img loading=\"lazy\" decoding=\"async\" src=\"\/wp\/wp-content\/uploads\/2018\/02\/M_Maniokfladenbrot.jpg\" alt=\"Pain de manioc\" width=\"256\" height=\"192\"><br \/><i>Pain de manioc<\/i><\/div>\n<p><a href=\"http:\/\/fr.prokongoyalobi.de\/wp\/info-generale\/maniok\/\">Plus d\u2019informations sur le manioc<\/a> sur ce site<\/p>\n","protected":false},"excerpt":{"rendered":"<p>Sur ce site, nous avons rapport\u00e9 plusieurs fois sur l\u2019importance pour l\u2019alimentation populaire et sur l\u2019utilisation multiple du manioc (Cassava, voir ci-dessous). Maintenant, la Banque africaine de d\u00e9veloppement encouragera son culture. Pr\u00e9paration de manioc En R\u00e9publique D\u00e9mocratique du Congo, le manioc est l\u2019aliment de base. Il y est cultiv\u00e9 sur\u2026 <a class=\"continue-reading-link\" href=\"https:\/\/www.prokongoyalobi.de\/wp\/fr\/info-generale\/maniok\/la-r-d-congo-recoit-de-laide-financiere-pour-la-culture-de-manioc\/\">Weiter \u2013 Continuez<\/a><\/p>\n","protected":false},"author":1,"featured_media":0,"parent":161,"menu_order":4,"comment_status":"closed","ping_status":"closed","template":"","meta":{"footnotes":""},"class_list":["post-216","page","type-page","status-publish","hentry"],"_links":{"self":[{"href":"https:\/\/www.prokongoyalobi.de\/wp\/wp-json\/wp\/v2\/pages\/216","targetHints":{"allow":["GET"]}}],"collection":[{"href":"https:\/\/www.prokongoyalobi.de\/wp\/wp-json\/wp\/v2\/pages"}],"about":[{"href":"https:\/\/www.prokongoyalobi.de\/wp\/wp-json\/wp\/v2\/types\/page"}],"author":[{"embeddable":true,"href":"https:\/\/www.prokongoyalobi.de\/wp\/wp-json\/wp\/v2\/users\/1"}],"replies":[{"embeddable":true,"href":"https:\/\/www.prokongoyalobi.de\/wp\/wp-json\/wp\/v2\/comments?post=216"}],"version-history":[{"count":1,"href":"https:\/\/www.prokongoyalobi.de\/wp\/wp-json\/wp\/v2\/pages\/216\/revisions"}],"predecessor-version":[{"id":217,"href":"https:\/\/www.prokongoyalobi.de\/wp\/wp-json\/wp\/v2\/pages\/216\/revisions\/217"}],"up":[{"embeddable":true,"href":"https:\/\/www.prokongoyalobi.de\/wp\/wp-json\/wp\/v2\/pages\/161"}],"wp:attachment":[{"href":"https:\/\/www.prokongoyalobi.de\/wp\/wp-json\/wp\/v2\/media?parent=216"}],"curies":[{"name":"wp","href":"https:\/\/api.w.org\/{rel}","templated":true}]}}