{"id":138,"date":"2018-02-13T02:59:25","date_gmt":"2018-02-13T01:59:25","guid":{"rendered":"\/wp\/?page_id=138"},"modified":"2018-02-27T23:02:04","modified_gmt":"2018-02-27T22:02:04","slug":"satzung","status":"publish","type":"page","link":"https:\/\/www.prokongoyalobi.de\/wp\/de\/der-verein\/satzung\/","title":{"rendered":"Satzung"},"content":{"rendered":"<p><a href=\"javascript:history.back()\"><img decoding=\"async\" src=\"\/wp\/wp-content\/uploads\/2018\/02\/bouton_backD.gif\" alt=\"Zur\u00fcck\"><\/a><\/p>\n<h2>Pro Kongo ya lobi e.V.<\/h2>\n<p><a href=\"#1\">1. Name, Sitz, Gesch\u00e4ftsjahr<\/a><br \/>\n<a href=\"#2\">2. Zweck des Vereins<\/a><br \/>\n<a href=\"#3\">3. Mitgliedschaft<\/a><br \/>\n<a href=\"#4\">4. Eink\u00fcnfte<\/a><br \/>\n<a href=\"#5\">5. Organe<\/a><br \/>\n<a href=\"#6\">6. Mitgliederversammlung<\/a><br \/>\n<a href=\"#7\">7. Aufgaben der Mitgliederversammlung<\/a><br \/>\n<a href=\"#8\">8. Vorstand<\/a><br \/>\n<a href=\"#9\">9. Gemeinn\u00fctzigkeit<\/a><br \/>\n<a href=\"#10\">10. Aufl\u00f6sung und Liquidation<\/a><!--more--><\/p>\n<p><a href=\"#top\" name=\"1\"><img loading=\"lazy\" decoding=\"async\" src=\"\/wp\/wp-content\/uploads\/2018\/02\/bouton_hautD.gif\" alt=\"nach oben\" border=\"0\" width=\"80\" height=\"13\" align=\"right\"><\/a><\/p>\n<h3 class=\"titreligne\">\u00a7 1 Name, Sitz, Gesch\u00e4ftsjahr<\/h3>\n<ol>\n<li>Der Verein f\u00fchrt den Namen Pro Kongo ya lobi e.V.<\/li>\n<li>Der Sitz des Vereins ist Aachen.<\/li>\n<li>Das Gesch\u00e4ftsjahr des Vereins ist das Kalenderjahr.<\/li>\n<\/ol>\n<p><a href=\"#top\" name=\"2\"><img loading=\"lazy\" decoding=\"async\" src=\"\/wp\/wp-content\/uploads\/2018\/02\/bouton_hautD.gif\" alt=\"nach oben\" border=\"0\" width=\"80\" height=\"13\" align=\"right\"><\/a><\/p>\n<h3 class=\"titreligne\">\u00a7 2 Zweck des Vereins<\/h3>\n<p>Der Zweck des Vereins ist die Durchf\u00fchrung von Projekten zugunsten der Bev\u00f6lkerung der Demokratischen Republik Kongo durch:<\/p>\n<ol>\n<li>Die \u00dcbernahme und Vermittlung von Patenschaften zur Unterst\u00fctzung und F\u00f6rderung einer Schul-, Berufs- oder Hochschulausbildung f\u00fcr Kinder und Jugendliche mit der \u00dcbernahme von Schul- und Ausbildungskosten.<\/li>\n<li>Die praktische Ausbildung der Sch\u00fcler als Erg\u00e4nzung zur herk\u00f6mmlichen Schulbildung.<\/li>\n<li>Die Fortbildung der Lehrer der Partnerschulen.<\/li>\n<li>Organisation von gegenseitigem Sch\u00fcler- und Lehreraustausch.<\/li>\n<li>Die Unterst\u00fctzung durch Sachspenden zur Schulausstattung und zur Durchf\u00fchrung des Unterrichts.<\/li>\n<li>Die Unterst\u00fctzung der gef\u00f6rderten Personen bei Krankheiten und bei der gesundheitlichen Vorsorge.<\/li>\n<li>Die Unterst\u00fctzung von Krankenstationen und Krankenh\u00e4usern.<\/li>\n<li>\u00d6ffentlichkeits- und Informationsarbeit zur gegenseitigen Verst\u00e4ndigung.<\/li>\n<li>Sonstige Projekte, welche die Verwirklichung der Vereinsziele unterst\u00fctzen und erm\u00f6glichen ( z. B. Bauprojekte&#8230;.)<\/li>\n<\/ol>\n<p>Der Verein verfolgt ausschlie\u00dflich und unmittelbar gemeinn\u00fctzige Zwecke im Sinne des Abschnitts \u201eSteuerbeg\u00fcnstigte Zwecke\u201c der Abgabenordnung.<br \/>\nDer Verein ist selbstlos t\u00e4tig, und er verfolgt keine eigenwirtschaftlichen Zwecke.<\/p>\n<p><a href=\"#top\" name=\"3\"><img loading=\"lazy\" decoding=\"async\" src=\"\/wp\/wp-content\/uploads\/2018\/02\/bouton_hautD.gif\" alt=\"nach oben\" border=\"0\" width=\"80\" height=\"13\" align=\"right\"><\/a><\/p>\n<h3 class=\"titreligne\">\u00a7 3 Mitgliedschaft<\/h3>\n<ol>\n<li>Mitglied des Vereins kann jede nat\u00fcrliche und juristische Person werden, die sich bereit erkl\u00e4rt, die Vereinsziele aktiv oder materiell zu unterst\u00fctzen.<\/li>\n<li>Die Mitgliedschaft wird auf schriftlichen Antrag durch Beschluss des Vorstands erworben.<\/li>\n<li>Die Mitgliedschaft endet durch Austritt, Ausschluss oder Tod, bei juristischen Personen durch deren Erl\u00f6schen. Der Austritt eines Mitglieds ist nur zum 31.12. eines jeden Jahres m\u00f6glich. Er erfolgt durch schriftliche Erkl\u00e4rung gegen\u00fcber dem Vorsitzenden unter Einhaltung einer Frist von 4 Wochen.<\/li>\n<li>Der Vereinsausschluss mit sofortiger Wirkung kann durch Beschluss des Vorstands erfolgen, wenn ein Mitglied gegen die Ziele und Interessen des Vereins versto\u00dfen hat. Dem Mitglied muss vor der Beschlussfassung Gelegenheit zur Stellungnahme gegeben werden. Berufung kann gegen den Vorstandsbeschluss eingelegt werden. In diesem Fall ruhen die Rechte und Pflichten des Mitglieds, bis die n\u00e4chste ordentliche Mitgliederversammlung \u00fcber den Ausschluss entschieden hat.<\/li>\n<li>Aufnahme und Ausschluss k\u00f6nnen von der Mitgliederversammlung mit \u00be Mehrheit auch ohne Zustimmung vom Vorstand beschlossen werden.<\/li>\n<li>Die Aus\u00fcbung aller Mitgliedsrechte ist von der fristgerechten Zahlung der festgesetzten Beitr\u00e4ge abh\u00e4ngig.<\/li>\n<\/ol>\n<p><a href=\"#top\" name=\"4\"><img loading=\"lazy\" decoding=\"async\" src=\"\/wp\/wp-content\/uploads\/2018\/02\/bouton_hautD.gif\" alt=\"nach oben\" border=\"0\" width=\"80\" height=\"13\" align=\"right\"><\/a><\/p>\n<h3 class=\"titreligne\">\u00a7 4 Eink\u00fcnfte<\/h3>\n<ol>\n<li>Die Einnahmen des Vereins bestehen aus Patenschaften, Spenden, Verm\u00e4chtnissen, Mitgliedsbeitr\u00e4gen, Ertr\u00e4gnissen aus dem Vereinsverm\u00f6gen und Beihilfen aus \u00f6ffentlichen Mitteln.<\/li>\n<li>Der Verein darf R\u00fccklagen f\u00fcr gr\u00f6\u00dfere Projekte bilden.<\/li>\n<li>Die Mitgliedsbeitr\u00e4ge sind Jahresbeitr\u00e4ge und jeweils am 31. M\u00e4rz eines Jahres f\u00fcr das laufende Jahr f\u00e4llig. \u00dcber die H\u00f6he des Jahresbeitrags entscheidet die Mitgliederversammlung. Mitglieder, die eine Patenschaft \u00fcbernommen haben, sind vom Mitgliedsbeitrag befreit.<\/li>\n<\/ol>\n<p><a href=\"#top\" name=\"5\"><img loading=\"lazy\" decoding=\"async\" src=\"\/wp\/wp-content\/uploads\/2018\/02\/bouton_hautD.gif\" alt=\"nach oben\" border=\"0\" width=\"80\" height=\"13\" align=\"right\"><\/a><\/p>\n<h3 class=\"titreligne\">\u00a7 5 Organe<\/h3>\n<p>Die Organe des Vereins sind die Mitgliederversammlung und der Vorstand.<\/p>\n<p><a href=\"#top\" name=\"6\"><img loading=\"lazy\" decoding=\"async\" src=\"\/wp\/wp-content\/uploads\/2018\/02\/bouton_hautD.gif\" alt=\"nach oben\" border=\"0\" width=\"80\" height=\"13\" align=\"right\"><\/a><\/p>\n<h3 class=\"titreligne\">\u00a7 6 Mitgliederversammlung<\/h3>\n<p><a href=<a href=\"javascript:history.back()\"><img decoding=\"async\" src=\"\/wp\/wp-content\/uploads\/2018\/02\/bouton_backD.gif\" alt=\"Zur\u00fcck\"><\/a><\/p>\n<h2>Pro Kongo ya lobi e.V.<\/h2>\n<p><a href=\"#1\">1 Name, Sitz, Gesch\u00e4ftsjahr<\/a><br \/>\n<a href=\"#2\">2 Zweck des Vereins<\/a><br \/>\n<a href=\"#3\">3 Mitgliedschaft<\/a><br \/>\n<a href=\"#4\">4 Eink\u00fcnfte<\/a><br \/>\n<a href=\"#5\">5 Organe<\/a><br \/>\n<a href=\"#6\">6 Mitgliederversammlung<\/a><br \/>\n<a href=\"#7\">7 Aufgaben der Mitgliederversammlung<\/a><br \/>\n<a href=\"#8\">8 Vorstand<\/a><br \/>\n<a href=\"#9\">9 Gemeinn\u00fctzigkeit<\/a><br \/>\n<a href=\"#10\">10 Aufl\u00f6sung und Liquidation<\/a><\/p>\n<p><a href=\"#top\" name=\"1\"><img loading=\"lazy\" decoding=\"async\" src=\"\/wp\/wp-content\/uploads\/2018\/02\/bouton_hautD.gif\" alt=\"nach oben\" border=\"0\" width=\"80\" height=\"13\" align=\"right\"><\/a><\/p>\n<h3 class=\"titreligne\">\u00a7 1 Name, Sitz, Gesch\u00e4ftsjahr<\/h3>\n<ol>\n<li>Der Verein f\u00fchrt den Namen Pro Kongo ya lobi e.V.<\/li>\n<li>Der Sitz des Vereins ist Aachen.<\/li>\n<li>Das Gesch\u00e4ftsjahr des Vereins ist das Kalenderjahr.<\/li>\n<\/ol>\n<p><a href=\"#top\" name=\"2\"><img loading=\"lazy\" decoding=\"async\" src=\"\/wp\/wp-content\/uploads\/2018\/02\/bouton_hautD.gif\" alt=\"nach oben\" border=\"0\" width=\"80\" height=\"13\" align=\"right\"><\/a><\/p>\n<h3 class=\"titreligne\">\u00a7 2 Zweck des Vereins<\/h3>\n<p>Der Zweck des Vereins ist die Durchf\u00fchrung von Projekten zugunsten der Bev\u00f6lkerung der Demokratischen Republik Kongo durch:<\/p>\n<ol>\n<li>Die \u00dcbernahme und Vermittlung von Patenschaften zur Unterst\u00fctzung und F\u00f6rderung einer Schul-, Berufs- oder Hochschulausbildung f\u00fcr Kinder und Jugendliche mit der \u00dcbernahme von Schul- und Ausbildungskosten.<\/li>\n<li>Die praktische Ausbildung der Sch\u00fcler als Erg\u00e4nzung zur herk\u00f6mmlichen Schulbildung.<\/li>\n<li>Die Fortbildung der Lehrer der Partnerschulen.<\/li>\n<li>Organisation von gegenseitigem Sch\u00fcler- und Lehreraustausch.<\/li>\n<li>Die Unterst\u00fctzung durch Sachspenden zur Schulausstattung und zur Durchf\u00fchrung des Unterrichts.<\/li>\n<li>Die Unterst\u00fctzung der gef\u00f6rderten Personen bei Krankheiten und bei der gesundheitlichen Vorsorge.<\/li>\n<li>Die Unterst\u00fctzung von Krankenstationen und Krankenh\u00e4usern.<\/li>\n<li>\u00d6ffentlichkeits- und Informationsarbeit zur gegenseitigen Verst\u00e4ndigung.<\/li>\n<li>Sonstige Projekte, welche die Verwirklichung der Vereinsziele unterst\u00fctzen und erm\u00f6glichen ( z. B. Bauprojekte&#8230;.)<\/li>\n<\/ol>\n<p>Der Verein verfolgt ausschlie\u00dflich und unmittelbar gemeinn\u00fctzige Zwecke im Sinne des Abschnitts \u201eSteuerbeg\u00fcnstigte Zwecke\u201c der Abgabenordnung.<br \/>\nDer Verein ist selbstlos t\u00e4tig, und er verfolgt keine eigenwirtschaftlichen Zwecke.<\/p>\n<p><a href=\"#top\" name=\"3\"><img loading=\"lazy\" decoding=\"async\" src=\"\/wp\/wp-content\/uploads\/2018\/02\/bouton_hautD.gif\" alt=\"nach oben\" border=\"0\" width=\"80\" height=\"13\" align=\"right\"><\/a><\/p>\n<h3 class=\"titreligne\">\u00a7 3 Mitgliedschaft<\/h3>\n<ol>\n<li>Mitglied des Vereins kann jede nat\u00fcrliche und juristische Person werden, die sich bereit erkl\u00e4rt, die Vereinsziele aktiv oder materiell zu unterst\u00fctzen.<\/li>\n<li>Die Mitgliedschaft wird auf schriftlichen Antrag durch Beschluss des Vorstands erworben.<\/li>\n<li>Die Mitgliedschaft endet durch Austritt, Ausschluss oder Tod, bei juristischen Personen durch deren Erl\u00f6schen. Der Austritt eines Mitglieds ist nur zum 31.12. eines jeden Jahres m\u00f6glich. Er erfolgt durch schriftliche Erkl\u00e4rung gegen\u00fcber dem Vorsitzenden unter Einhaltung einer Frist von 4 Wochen.<\/li>\n<li>Der Vereinsausschluss mit sofortiger Wirkung kann durch Beschluss des Vorstands erfolgen, wenn ein Mitglied gegen die Ziele und Interessen des Vereins versto\u00dfen hat. Dem Mitglied muss vor der Beschlussfassung Gelegenheit zur Stellungnahme gegeben werden. Berufung kann gegen den Vorstandsbeschluss eingelegt werden. In diesem Fall ruhen die Rechte und Pflichten des Mitglieds, bis die n\u00e4chste ordentliche Mitgliederversammlung \u00fcber den Ausschluss entschieden hat.<\/li>\n<li>Aufnahme und Ausschluss k\u00f6nnen von der Mitgliederversammlung mit \u00be Mehrheit auch ohne Zustimmung vom Vorstand beschlossen werden.<\/li>\n<li>Die Aus\u00fcbung aller Mitgliedsrechte ist von der fristgerechten Zahlung der festgesetzten Beitr\u00e4ge abh\u00e4ngig.<\/li>\n<\/ol>\n<p><a href=\"#top\" name=\"4\"><img loading=\"lazy\" decoding=\"async\" src=\"\/wp\/wp-content\/uploads\/2018\/02\/bouton_hautD.gif\" alt=\"nach oben\" border=\"0\" width=\"80\" height=\"13\" align=\"right\"><\/a><\/p>\n<h3 class=\"titreligne\">\u00a7 4 Eink\u00fcnfte<\/h3>\n<ol>\n<li>Die Einnahmen des Vereins bestehen aus Patenschaften, Spenden, Verm\u00e4chtnissen, Mitgliedsbeitr\u00e4gen, Ertr\u00e4gnissen aus dem Vereinsverm\u00f6gen und Beihilfen aus \u00f6ffentlichen Mitteln.<\/li>\n<li>Der Verein darf R\u00fccklagen f\u00fcr gr\u00f6\u00dfere Projekte bilden.<\/li>\n<li>Die Mitgliedsbeitr\u00e4ge sind Jahresbeitr\u00e4ge und jeweils am 31. M\u00e4rz eines Jahres f\u00fcr das laufende Jahr f\u00e4llig. \u00dcber die H\u00f6he des Jahresbeitrags entscheidet die Mitgliederversammlung. Mitglieder, die eine Patenschaft \u00fcbernommen haben, sind vom Mitgliedsbeitrag befreit.<\/li>\n<\/ol>\n<p><a href=\"#top\" name=\"5\"><img loading=\"lazy\" decoding=\"async\" src=\"\/wp\/wp-content\/uploads\/2018\/02\/bouton_hautD.gif\" alt=\"nach oben\" border=\"0\" width=\"80\" height=\"13\" align=\"right\"><\/a><\/p>\n<h3 class=\"titreligne\">\u00a7 5 Organe<\/h3>\n<p>Die Organe des Vereins sind die Mitgliederversammlung und der Vorstand.<\/p>\n<p><a href=\"#top\" name=\"6\"><img loading=\"lazy\" decoding=\"async\" src=\"\/wp\/wp-content\/uploads\/2018\/02\/bouton_hautD.gif\" alt=\"nach oben\" border=\"0\" width=\"80\" height=\"13\" align=\"right\"><\/a><\/p>\n<h3 class=\"titreligne\">\u00a7 6 Mitgliederversammlung<\/h3>\n<ol>\n<li>Der Mitgliederversammlung geh\u00f6ren alle Vereinsmitglieder mit je einer Stimme an.<\/li>\n<li>Die Mitgliederversammlung findet mindestens einmal j\u00e4hrlich im 2. Kalendervierteljahr statt. Sie wird vom Vorstand per Brief oder per e-Mail unter Angabe der Tagesordnung einberufen. Die Einladungsfrist betr\u00e4gt 4 Wochen.<\/li>\n<li>Eine au\u00dferordentliche Mitgliederversammlung ist einzuberufen, wenn es das Vereinsinteresse erfordert. Auf schriftliches Verlangen von mindestens 25 % aller Vereinsmitglieder hat der Vorstand binnen 6 Wochen eine au\u00dferordentliche Mitgliederversammlung einzuberufen. Dem Antrag der Mitglieder und der Einladung muss der gew\u00fcnschte Tagesordnungspunkt zu entnehmen sein.<\/li>\n<li>Die Mitgliederversammlung w\u00e4hlt aus ihrer Mitte einen Versammlungsleiter und einen Protokollf\u00fchrer.<\/li>\n<li>Soweit nicht Gesetz oder Satzung etwas anderes erfordern, beschlie\u00dft die Mitgliederversammlung mit einfacher Mehrheit der g\u00fcltigen abgegebenen Stimmen.<\/li>\n<li>F\u00fcr Satzungs\u00e4nderungen oder die Aufl\u00f6sung des Vereins ist eine \u00be Mehrheit der g\u00fcltigen abgegebenen Stimmen erforderlich.<\/li>\n<li>Schriftliche Abstimmung ist zul\u00e4ssig.<\/li>\n<li>\u00dcber die Beschl\u00fcsse der Mitgliederversammlung ist ein Protokoll anzufertigen, das von zwei Vorstandsmitgliedern und dem\/der Protokollf\u00fchrer\/in zu unterzeichnen ist.<\/li>\n<\/ol>\n<p><a href=\"#top\" name=\"7\"><img loading=\"lazy\" decoding=\"async\" src=\"\/wp\/wp-content\/uploads\/2018\/02\/bouton_hautD.gif\" alt=\"nach oben\" border=\"0\" width=\"80\" height=\"13\" align=\"right\"><\/a><\/p>\n<h3 class=\"titreligne\">\u00a7 7 Aufgaben der Mitgliederversammlung<\/h3>\n<ol>\n<li>Die Mitgliederversammlung ist das oberste beschlussfassende Vereinsorgan.<\/li>\n<li>Die Mitgliederversammlung w\u00e4hlt aus der Reihe der Mitglieder den Vorstand. Die Wahl findet geheim mit Stimmzetteln statt.<\/li>\n<li>Die Mitgliederversammlung kann Mitglieder des Vorstands abw\u00e4hlen. Hierzu ben\u00f6tigt sie eine 3\/4 Mehrheit der g\u00fcltigen abgegebenen Stimmen.<\/li>\n<li>Die Mitgliederversammlung entscheidet, bei Berufung eines betroffenen Mitglieds, \u00fcber dessen Ausschluss (vgl. \u00a7 3.4.).<\/li>\n<li>Die Mitgliederversammlung w\u00e4hlt zwei Kassenpr\u00fcfer aus der Reihe der Mitglieder. W\u00e4hlt die Mitgliederversammlung keine Kassenpr\u00fcfer, bestellt der Vorstand einen Steuerberater f\u00fcr die Pr\u00fcfung.<\/li>\n<li>Die Mitgliederversammlung nimmt den T\u00e4tigkeitsbericht und den Kassenbericht des Vereins f\u00fcr das abgelaufene Kalenderjahr entgegen und beschlie\u00dft \u00fcber die Entlastung des Vorstands.<\/li>\n<li>Ferner entscheidet die Mitgliederversammlung \u00fcber folgende Belange<br \/>\n    <br \/>a) H\u00f6he des Mitgliedsbeitrags<br \/>\n    <br \/>b) Ab\u00e4nderung oder Aufhebung von Beschl\u00fcssen des Vorstands<br \/>\n    <br \/>c) Aufnahme von Darlehen ab \u20ac 3.000,00<br \/>\n    <br \/>d) Durchf\u00fchrung von neuen Projekten<\/li>\n<\/ol>\n<p><a href=\"#top\" name=\"8\"><img loading=\"lazy\" decoding=\"async\" src=\"\/wp\/wp-content\/uploads\/2018\/02\/bouton_hautD.gif\" alt=\"nach oben\" border=\"0\" width=\"80\" height=\"13\" align=\"right\"><\/a><\/p>\n<h3 class=\"titreligne\">\u00a7 8 Vorstand<\/h3>\n<ol>\n<li>Der Vorstand besteht aus drei bis sechs Personen und wird von der Mitgliederversammlung f\u00fcr jeweils zwei Jahre gew\u00e4hlt. Jedes Vereinsmitglied kann f\u00fcr den Vorstand kandidieren. Der Vorstand bleibt im Amt bis zur Wahl eines neuen Vorstands.<\/li>\n<li>Die Mitgliederversammlung w\u00e4hlt eine(n) Vorsitzende(n), eine(n) stellvertretende(n) Vorsitzende(n), eine(n) Kassierer(in) aus seiner Mitte. Der Rest des Vorstands \u00fcbernimmt die Funktion von Beisitzern.<\/li>\n<li>Der Verein wird gerichtlich und au\u00dfergerichtlich durch zwei gemeinschaftlich handelnde Vorstandsmitglieder vertreten. Ein einzelnes Vorstandsmitglied kann ausnahmsweise, z. B. bei Reisen ins Ausland, vom Vorstand bevollm\u00e4chtigt werden.<\/li>\n<li>Der Vorstand ist f\u00fcr alle Aufgaben zust\u00e4ndig, die sich aus der Satzung und den Beschl\u00fcssen der Mitgliederversammlung ergeben. Dies sind vornehmlich die Vertretung und Gesch\u00e4ftsf\u00fchrung des Vereins und die Verwaltung des Vereinsverm\u00f6gens.<\/li>\n<li>Die Vorstandsmitglieder beraten sich regelm\u00e4\u00dfig und treffen sich nach Bedarf. Deren Beschl\u00fcsse werden mit einfacher Mehrheit gefasst und m\u00fcssen protokolliert werden. Bei Stimmengleichheit entscheidet die Stimme des Vorsitzenden.<\/li>\n<li>Die F\u00fchrung der laufenden Gesch\u00e4fte kann der Vorstand einem Gesch\u00e4ftsf\u00fchrer \u00fcbertragen, der im Rahmen einer vom Vorstand zu beschlie\u00dfenden Gesch\u00e4ftsordnung handelt.<\/li>\n<li>Der Vorstand hat innerhalb von drei Monaten nach Ablaufjedes Gesch\u00e4ftsjahres eine Einnahmen- und Ausgabenrechnung und eine Verm\u00f6gens\u00fcbersicht aufzustellen.<br \/>\n    <br \/>Diese werden von den Kassenpr\u00fcfern gepr\u00fcft. Der Vorstand legt die gepr\u00fcften Unterlagen mit Kassenbericht der Mitgliederversammlung vor.<\/li>\n<li>Der Vorstand erstattet einen T\u00e4tigkeitsbericht \u00fcber das abgelaufene Gesch\u00e4ftsjahr.<\/li>\n<li>Der Vorstand f\u00fchrt die Gesch\u00e4fte ehrenamtlich.<\/li>\n<\/ol>\n<p><a href=\"#top\" name=\"9\"><img loading=\"lazy\" decoding=\"async\" src=\"\/wp\/wp-content\/uploads\/2018\/02\/bouton_hautD.gif\" alt=\"nach oben\" border=\"0\" width=\"80\" height=\"13\" align=\"right\"><\/a><\/p>\n<h3 class=\"titreligne\">\u00a7 9 Gemeinn\u00fctzigkeit<\/h3>\n<ol>\n<li>Mittel des Vereins d\u00fcrfen nur f\u00fcr die satzungsm\u00e4\u00dfigen Zwecke verwendet werden. Die Mitglieder erhalten keine Zuwendungen aus Mitteln des Vereins.<\/li>\n<li>Es darf keine Person durch Ausgaben, die den Zwecken des Vereins fremd sind, oder durch unverh\u00e4ltnism\u00e4\u00dfig hohe Verg\u00fctungen beg\u00fcnstigt werden.<\/li>\n<\/ol>\n<p><a href=\"#top\" name=\"10\"><img loading=\"lazy\" decoding=\"async\" src=\"\/wp\/wp-content\/uploads\/2018\/02\/bouton_hautD.gif\" alt=\"nach oben\" border=\"0\" width=\"80\" height=\"13\" align=\"right\"><\/a><\/p>\n<h3 class=\"titreligne\">\u00a7 10 Aufl\u00f6sung und Liquidation<\/h3>\n<p>Bei Aufl\u00f6sung oder Aufhebung des Vereins oder bei Wegfall steuerbeg\u00fcnstigter Zwecke f\u00e4llt das Verm\u00f6gen des Vereins an eine steuerbeg\u00fcnstigte K\u00f6rperschaft zur Verwendung f\u00fcr gemeinn\u00fctzige Zwecke, die den in \u00a7 2 dieser Satzung bezeichneten Zwecken m\u00f6glichst nahe kommen. Beschl\u00fcsse \u00fcber die k\u00fcnftige Verwendung des Verm\u00f6gens d\u00fcrfen erst nach Einwilligung des Finanzamts ausgef\u00fchrt werden.<\/p>\n<p>Stand: 10.08.2009<\/p>\n","protected":false},"excerpt":{"rendered":"<p>Pro Kongo ya lobi e.V. 1. Name, Sitz, Gesch\u00e4ftsjahr 2. Zweck des Vereins 3. Mitgliedschaft 4. Eink\u00fcnfte 5. Organe 6. Mitgliederversammlung 7. Aufgaben der Mitgliederversammlung 8. Vorstand 9. Gemeinn\u00fctzigkeit 10. Aufl\u00f6sung und Liquidation <a class=\"continue-reading-link\" href=\"https:\/\/www.prokongoyalobi.de\/wp\/de\/der-verein\/satzung\/\">Weiter \u2013 Continuez<\/a><\/p>\n","protected":false},"author":1,"featured_media":0,"parent":130,"menu_order":1,"comment_status":"closed","ping_status":"closed","template":"","meta":{"footnotes":""},"class_list":["post-138","page","type-page","status-publish","hentry"],"_links":{"self":[{"href":"https:\/\/www.prokongoyalobi.de\/wp\/wp-json\/wp\/v2\/pages\/138","targetHints":{"allow":["GET"]}}],"collection":[{"href":"https:\/\/www.prokongoyalobi.de\/wp\/wp-json\/wp\/v2\/pages"}],"about":[{"href":"https:\/\/www.prokongoyalobi.de\/wp\/wp-json\/wp\/v2\/types\/page"}],"author":[{"embeddable":true,"href":"https:\/\/www.prokongoyalobi.de\/wp\/wp-json\/wp\/v2\/users\/1"}],"replies":[{"embeddable":true,"href":"https:\/\/www.prokongoyalobi.de\/wp\/wp-json\/wp\/v2\/comments?post=138"}],"version-history":[{"count":4,"href":"https:\/\/www.prokongoyalobi.de\/wp\/wp-json\/wp\/v2\/pages\/138\/revisions"}],"predecessor-version":[{"id":1750,"href":"https:\/\/www.prokongoyalobi.de\/wp\/wp-json\/wp\/v2\/pages\/138\/revisions\/1750"}],"up":[{"embeddable":true,"href":"https:\/\/www.prokongoyalobi.de\/wp\/wp-json\/wp\/v2\/pages\/130"}],"wp:attachment":[{"href":"https:\/\/www.prokongoyalobi.de\/wp\/wp-json\/wp\/v2\/media?parent=138"}],"curies":[{"name":"wp","href":"https:\/\/api.w.org\/{rel}","templated":true}]}}